{"id":47,"date":"2021-03-29T23:42:13","date_gmt":"2021-03-29T23:42:13","guid":{"rendered":"http:\/\/newyorkwagyu.com\/?page_id=47"},"modified":"2024-01-05T16:13:29","modified_gmt":"2024-01-05T21:13:29","slug":"wagyupedia","status":"publish","type":"page","link":"https:\/\/newyorkwagyu.com\/index.php\/wagyupedia\/","title":{"rendered":"Wagyupedia"},"content":{"rendered":"<p><a href=\"https:\/\/newyorkwagyu.com\/wp-content\/uploads\/2024\/01\/2018-Wagyu-Handbook-2nd.pdf\" target=\"blank\" rel=\"noopener noreferrer\"><img decoding=\"async\" loading=\"lazy\" class=\"alignnone size-medium wp-image-49\" src=\"http:\/\/newyorkwagyu.com\/wp-content\/uploads\/2021\/03\/Wagyu-Handbook-232x300.jpeg\" alt=\"\" width=\"232\" height=\"300\" srcset=\"https:\/\/newyorkwagyu.com\/wp-content\/uploads\/2021\/03\/Wagyu-Handbook-232x300.jpeg 232w, https:\/\/newyorkwagyu.com\/wp-content\/uploads\/2021\/03\/Wagyu-Handbook.jpeg 576w\" sizes=\"(max-width: 232px) 100vw, 232px\" \/><\/a><\/p>\n<p>Env\u00edele un correo electr\u00f3nico <a href=\"mailto:pam@newyorkwagyu.com\" target=\"_blank\" rel=\"noopener noreferrer\">pam@newyorkwagyu.com<\/a> para solicitar la Edici\u00f3n en Espa\u00f1ol.<\/p>\n<h3><\/h3>\n<h3>From the Author<\/h3>\n<blockquote>\n<figure id=\"attachment_96\" aria-describedby=\"caption-attachment-96\" style=\"width: 300px\" class=\"wp-caption alignright\"><img decoding=\"async\" loading=\"lazy\" class=\"size-medium wp-image-96\" src=\"https:\/\/newyorkwagyu.com\/wp-content\/uploads\/2021\/03\/Pam-300x300.jpg\" alt=\"\" width=\"300\" height=\"300\" srcset=\"https:\/\/newyorkwagyu.com\/wp-content\/uploads\/2021\/03\/Pam-300x300.jpg 300w, https:\/\/newyorkwagyu.com\/wp-content\/uploads\/2021\/03\/Pam-150x150.jpg 150w, https:\/\/newyorkwagyu.com\/wp-content\/uploads\/2021\/03\/Pam-768x768.jpg 768w, https:\/\/newyorkwagyu.com\/wp-content\/uploads\/2021\/03\/Pam-1024x1024.jpg 1024w, https:\/\/newyorkwagyu.com\/wp-content\/uploads\/2021\/03\/Pam.jpg 1106w\" sizes=\"(max-width: 300px) 100vw, 300px\" \/><figcaption id=\"caption-attachment-96\" class=\"wp-caption-text\">Pam Armstrong, LVT<\/figcaption><\/figure>\n<p><em>Many people consider Wagyu beef to be the most tender and flavorful beef in the world. The cattle used to produce this beef are docile with good temperaments, and they are known for their intense intramuscular marbling, high fertility rates and ease of calving. Why wouldn\u2019t a cattle farmer want to raise Wagyu? <\/em><\/p>\n<p><em>The internet is flush with information about Wagyu, some of it is accurate and some of it is misleading. This handbook is designed to help breeders decide whether or not raising this breed is the right choice for them. Peer-reviewed journals and academic textbooks were used to create this handbook, and world-renowned Wagyu experts were consulted. There are good opportunities for producers who are informed, careful and realistic. There are many variances within the Wagyu breeds and bloodlines; as well as differences between short and long-fed animals, and results of different feeding protocols. <\/em><\/p>\n<p><em>Wagyu are very special animals; they are considered a national treasure of Japan. I hope you enjoy and appreciate them as much as I do.<\/em><\/p><\/blockquote>\n<p>&nbsp;<\/p>\n<h3>Reviews<\/h3>\n<p>&nbsp;<\/p>\n<h5>&#8220;This is the most comprehensive overview I have read&#8230;Hence, my gratitude in sharing this for all to learn and enjoy.&#8221;<\/h5>\n<p>&#8211; L. Bjelvin, Wagyu Breeder in Norway<\/p>\n<p>&nbsp;<\/p>\n<h5>The Wagyu Breeder Handbook &#8220;is so well written and of value to all Wagyu breeders and interested individuals. It will be my go-to reference when people ask questions about anything Wagyu.&#8221;<\/h5>\n<p>&#8211; J. Evans, VMD, Veterinary Embryologist and Wagyu Breeder in McConnellsburg, PA, USA<\/p>\n<p>&nbsp;<\/p>\n<h5>&#8220;Wow! I just started to read the first few pages. It&#8217;s such a well-written book. The details are better than on many websites.&#8221;<\/h5>\n<p>&#8211; Jimmy Wong, Malaysia<\/p>\n","protected":false},"excerpt":{"rendered":"<p>Env\u00edele un correo electr\u00f3nico pam@newyorkwagyu.com para solicitar la Edici\u00f3n en Espa\u00f1ol. From the Author Many people consider Wagyu beef to be the most tender and flavorful beef in the world. The cattle used to produce this beef are docile with good temperaments, and they are known for their intense intramuscular marbling, high fertility rates and [&hellip;]<\/p>\n","protected":false},"author":1,"featured_media":0,"parent":0,"menu_order":0,"comment_status":"closed","ping_status":"closed","template":"","meta":[],"yoast_head":"<!-- This site is optimized with the Yoast SEO plugin v16.0.2 - https:\/\/yoast.com\/wordpress\/plugins\/seo\/ -->\n<title>Wagyupedia - New York Wagyu<\/title>\n<link rel=\"canonical\" href=\"https:\/\/newyorkwagyu.com\/index.php\/wagyupedia\/\" \/>\n<meta property=\"og:locale\" content=\"en_US\" \/>\n<meta property=\"og:type\" content=\"article\" \/>\n<meta property=\"og:title\" content=\"Wagyupedia - New York Wagyu\" \/>\n<meta property=\"og:description\" content=\"Env\u00edele un correo electr\u00f3nico pam@newyorkwagyu.com para solicitar la Edici\u00f3n en Espa\u00f1ol. From the Author Many people consider Wagyu beef to be the most tender and flavorful beef in the world. The cattle used to produce this beef are docile with good temperaments, and they are known for their intense intramuscular marbling, high fertility rates and [&hellip;]\" \/>\n<meta property=\"og:url\" content=\"https:\/\/newyorkwagyu.com\/index.php\/wagyupedia\/\" \/>\n<meta property=\"og:site_name\" content=\"New York Wagyu\" \/>\n<meta property=\"article:modified_time\" content=\"2024-01-05T21:13:29+00:00\" \/>\n<meta property=\"og:image\" content=\"http:\/\/newyorkwagyu.com\/wp-content\/uploads\/2021\/03\/Wagyu-Handbook-232x300.jpeg\" \/>\n<meta name=\"twitter:card\" content=\"summary_large_image\" \/>\n<meta name=\"twitter:label1\" content=\"Est. reading time\">\n\t<meta name=\"twitter:data1\" content=\"2 minutes\">\n<script type=\"application\/ld+json\" class=\"yoast-schema-graph\">{\"@context\":\"https:\/\/schema.org\",\"@graph\":[{\"@type\":\"Organization\",\"@id\":\"https:\/\/newyorkwagyu.com\/#organization\",\"name\":\"New York Wagyu\",\"url\":\"https:\/\/newyorkwagyu.com\/\",\"sameAs\":[],\"logo\":{\"@type\":\"ImageObject\",\"@id\":\"https:\/\/newyorkwagyu.com\/#logo\",\"inLanguage\":\"en-US\",\"url\":\"https:\/\/newyorkwagyu.com\/wp-content\/uploads\/2021\/03\/cropped-unnamed-file.jpeg\",\"width\":1000,\"height\":722,\"caption\":\"New York Wagyu\"},\"image\":{\"@id\":\"https:\/\/newyorkwagyu.com\/#logo\"}},{\"@type\":\"WebSite\",\"@id\":\"https:\/\/newyorkwagyu.com\/#website\",\"url\":\"https:\/\/newyorkwagyu.com\/\",\"name\":\"New York Wagyu\",\"description\":\"\",\"publisher\":{\"@id\":\"https:\/\/newyorkwagyu.com\/#organization\"},\"potentialAction\":[{\"@type\":\"SearchAction\",\"target\":\"https:\/\/newyorkwagyu.com\/?s={search_term_string}\",\"query-input\":\"required name=search_term_string\"}],\"inLanguage\":\"en-US\"},{\"@type\":\"ImageObject\",\"@id\":\"https:\/\/newyorkwagyu.com\/index.php\/wagyupedia\/#primaryimage\",\"inLanguage\":\"en-US\",\"url\":\"http:\/\/newyorkwagyu.com\/wp-content\/uploads\/2021\/03\/Wagyu-Handbook-232x300.jpeg\"},{\"@type\":\"WebPage\",\"@id\":\"https:\/\/newyorkwagyu.com\/index.php\/wagyupedia\/#webpage\",\"url\":\"https:\/\/newyorkwagyu.com\/index.php\/wagyupedia\/\",\"name\":\"Wagyupedia - New York Wagyu\",\"isPartOf\":{\"@id\":\"https:\/\/newyorkwagyu.com\/#website\"},\"primaryImageOfPage\":{\"@id\":\"https:\/\/newyorkwagyu.com\/index.php\/wagyupedia\/#primaryimage\"},\"datePublished\":\"2021-03-29T23:42:13+00:00\",\"dateModified\":\"2024-01-05T21:13:29+00:00\",\"breadcrumb\":{\"@id\":\"https:\/\/newyorkwagyu.com\/index.php\/wagyupedia\/#breadcrumb\"},\"inLanguage\":\"en-US\",\"potentialAction\":[{\"@type\":\"ReadAction\",\"target\":[\"https:\/\/newyorkwagyu.com\/index.php\/wagyupedia\/\"]}]},{\"@type\":\"BreadcrumbList\",\"@id\":\"https:\/\/newyorkwagyu.com\/index.php\/wagyupedia\/#breadcrumb\",\"itemListElement\":[{\"@type\":\"ListItem\",\"position\":1,\"item\":{\"@type\":\"WebPage\",\"@id\":\"https:\/\/newyorkwagyu.com\/\",\"url\":\"https:\/\/newyorkwagyu.com\/\",\"name\":\"Home\"}},{\"@type\":\"ListItem\",\"position\":2,\"item\":{\"@type\":\"WebPage\",\"@id\":\"https:\/\/newyorkwagyu.com\/index.php\/wagyupedia\/\",\"url\":\"https:\/\/newyorkwagyu.com\/index.php\/wagyupedia\/\",\"name\":\"Wagyupedia\"}}]}]}<\/script>\n<!-- \/ Yoast SEO plugin. -->","_links":{"self":[{"href":"https:\/\/newyorkwagyu.com\/index.php\/wp-json\/wp\/v2\/pages\/47"}],"collection":[{"href":"https:\/\/newyorkwagyu.com\/index.php\/wp-json\/wp\/v2\/pages"}],"about":[{"href":"https:\/\/newyorkwagyu.com\/index.php\/wp-json\/wp\/v2\/types\/page"}],"author":[{"embeddable":true,"href":"https:\/\/newyorkwagyu.com\/index.php\/wp-json\/wp\/v2\/users\/1"}],"replies":[{"embeddable":true,"href":"https:\/\/newyorkwagyu.com\/index.php\/wp-json\/wp\/v2\/comments?post=47"}],"version-history":[{"count":7,"href":"https:\/\/newyorkwagyu.com\/index.php\/wp-json\/wp\/v2\/pages\/47\/revisions"}],"predecessor-version":[{"id":95,"href":"https:\/\/newyorkwagyu.com\/index.php\/wp-json\/wp\/v2\/pages\/47\/revisions\/95"}],"wp:attachment":[{"href":"https:\/\/newyorkwagyu.com\/index.php\/wp-json\/wp\/v2\/media?parent=47"}],"curies":[{"name":"wp","href":"https:\/\/api.w.org\/{rel}","templated":true}]}}